{"id":475,"date":"2022-12-23T06:21:54","date_gmt":"2022-12-23T06:21:54","guid":{"rendered":"https:\/\/brasseriederietgors.be\/salle-des-fetes\/"},"modified":"2024-04-23T04:49:17","modified_gmt":"2024-04-23T04:49:17","slug":"salle-des-fetes","status":"publish","type":"page","link":"https:\/\/brasseriederietgors.be\/fr\/salle-des-fetes\/","title":{"rendered":"Salle des f\u00eates"},"content":{"rendered":"\t\t<div data-elementor-type=\"wp-page\" data-elementor-id=\"475\" class=\"elementor elementor-475 elementor-296\" data-elementor-post-type=\"page\">\n\t\t\t\t\t\t<section class=\"elementor-section elementor-top-section elementor-element elementor-element-974cb79 elementor-section-height-min-height elementor-section-boxed elementor-section-height-default elementor-section-items-middle\" data-id=\"974cb79\" data-element_type=\"section\" data-e-type=\"section\" data-settings=\"{&quot;background_background&quot;:&quot;classic&quot;}\">\n\t\t\t\t\t\t\t<div class=\"elementor-background-overlay\"><\/div>\n\t\t\t\t\t\t\t<div class=\"elementor-container elementor-column-gap-default\">\n\t\t\t\t\t<div class=\"elementor-column elementor-col-100 elementor-top-column elementor-element elementor-element-4e20df4\" data-id=\"4e20df4\" data-element_type=\"column\" data-e-type=\"column\">\n\t\t\t<div class=\"elementor-widget-wrap elementor-element-populated\">\n\t\t\t\t\t\t<div class=\"elementor-element elementor-element-0217da8 animated-slow elementor-invisible elementor-widget elementor-widget-heading\" data-id=\"0217da8\" data-element_type=\"widget\" data-e-type=\"widget\" data-settings=\"{&quot;_animation&quot;:&quot;fadeIn&quot;,&quot;_animation_delay&quot;:300}\" data-widget_type=\"heading.default\">\n\t\t\t\t<div class=\"elementor-widget-container\">\n\t\t\t\t\t<h1 class=\"elementor-heading-title elementor-size-default\">Salle des f\u00eates<\/h1>\t\t\t\t<\/div>\n\t\t\t\t<\/div>\n\t\t\t\t\t<\/div>\n\t\t<\/div>\n\t\t\t\t\t<\/div>\n\t\t<\/section>\n\t\t\t\t<section class=\"elementor-section elementor-top-section elementor-element elementor-element-452d47a elementor-section-boxed elementor-section-height-default elementor-section-height-default elementor-invisible\" data-id=\"452d47a\" data-element_type=\"section\" data-e-type=\"section\" data-settings=\"{&quot;animation&quot;:&quot;fadeIn&quot;}\">\n\t\t\t\t\t\t<div class=\"elementor-container elementor-column-gap-default\">\n\t\t\t\t\t<div class=\"elementor-column elementor-col-100 elementor-top-column elementor-element elementor-element-ab563c4\" data-id=\"ab563c4\" data-element_type=\"column\" data-e-type=\"column\">\n\t\t\t<div class=\"elementor-widget-wrap elementor-element-populated\">\n\t\t\t\t\t\t<div class=\"elementor-element elementor-element-c8da77b elementor-widget__width-initial elementor-widget elementor-widget-heading\" data-id=\"c8da77b\" data-element_type=\"widget\" data-e-type=\"widget\" data-widget_type=\"heading.default\">\n\t\t\t\t<div class=\"elementor-widget-container\">\n\t\t\t\t\t<h2 class=\"elementor-heading-title elementor-size-default\">Nous transformons notre brasserie en salle de banquet avec un am\u00e9nagement de la salle \u00e0 votre convenance.<\/h2>\t\t\t\t<\/div>\n\t\t\t\t<\/div>\n\t\t\t\t<div class=\"elementor-element elementor-element-1ef0f4f elementor-button-align-stretch elementor-widget elementor-widget-form\" data-id=\"1ef0f4f\" data-element_type=\"widget\" data-e-type=\"widget\" data-settings=\"{&quot;step_next_label&quot;:&quot;Next&quot;,&quot;step_previous_label&quot;:&quot;Previous&quot;,&quot;button_width&quot;:&quot;100&quot;,&quot;step_type&quot;:&quot;number_text&quot;,&quot;step_icon_shape&quot;:&quot;circle&quot;}\" data-widget_type=\"form.default\">\n\t\t\t\t<div class=\"elementor-widget-container\">\n\t\t\t\t\t\t\t<form class=\"elementor-form\" method=\"post\" name=\"Salle des f\u00eates\" aria-label=\"Salle des f\u00eates\">\n\t\t\t<input type=\"hidden\" name=\"post_id\" value=\"475\"\/>\n\t\t\t<input type=\"hidden\" name=\"form_id\" value=\"1ef0f4f\"\/>\n\t\t\t<input type=\"hidden\" name=\"referer_title\" value=\"De Rietgors\" \/>\n\n\t\t\t\n\t\t\t<div class=\"elementor-form-fields-wrapper elementor-labels-above\">\n\t\t\t\t\t\t\t\t<div class=\"elementor-field-type-text elementor-field-group elementor-column elementor-field-group-feest elementor-col-100 elementor-field-required elementor-mark-required\">\n\t\t\t\t\t\t\t\t\t\t\t\t<label for=\"form-field-feest\" class=\"elementor-field-label\">\n\t\t\t\t\t\t\t\tF\u00eate\t\t\t\t\t\t\t<\/label>\n\t\t\t\t\t\t\t\t\t\t\t\t\t\t<input size=\"1\" type=\"text\" name=\"form_fields[feest]\" id=\"form-field-feest\" class=\"elementor-field elementor-size-md  elementor-field-textual\" placeholder=\"A quelle f\u00eate peut-on s&#039;attendre ?\" required=\"required\">\n\t\t\t\t\t\t\t\t\t\t\t<\/div>\n\t\t\t\t\t\t\t\t<div class=\"elementor-field-type-text elementor-field-group elementor-column elementor-field-group-naam elementor-col-100 elementor-field-required elementor-mark-required\">\n\t\t\t\t\t\t\t\t\t\t\t\t<label for=\"form-field-naam\" class=\"elementor-field-label\">\n\t\t\t\t\t\t\t\tVotre nom\t\t\t\t\t\t\t<\/label>\n\t\t\t\t\t\t\t\t\t\t\t\t\t\t<input size=\"1\" type=\"text\" name=\"form_fields[naam]\" id=\"form-field-naam\" class=\"elementor-field elementor-size-md  elementor-field-textual\" placeholder=\"Veuillez saisir votre  nom.\" required=\"required\">\n\t\t\t\t\t\t\t\t\t\t\t<\/div>\n\t\t\t\t\t\t\t\t<div class=\"elementor-field-type-email elementor-field-group elementor-column elementor-field-group-email elementor-col-50 elementor-field-required elementor-mark-required\">\n\t\t\t\t\t\t\t\t\t\t\t\t<label for=\"form-field-email\" class=\"elementor-field-label\">\n\t\t\t\t\t\t\t\tVotre e-mail\t\t\t\t\t\t\t<\/label>\n\t\t\t\t\t\t\t\t\t\t\t\t\t\t<input size=\"1\" type=\"email\" name=\"form_fields[email]\" id=\"form-field-email\" class=\"elementor-field elementor-size-md  elementor-field-textual\" placeholder=\"Veuillez saisir votre adresse e-mail.\" required=\"required\">\n\t\t\t\t\t\t\t\t\t\t\t<\/div>\n\t\t\t\t\t\t\t\t<div class=\"elementor-field-type-text elementor-field-group elementor-column elementor-field-group-field_cac0fc6 elementor-col-50\">\n\t\t\t\t\t\t\t\t\t\t\t\t<label for=\"form-field-field_cac0fc6\" class=\"elementor-field-label\">\n\t\t\t\t\t\t\t\tVotre num\u00e9ro de t\u00e9l\u00e9phone\t\t\t\t\t\t\t<\/label>\n\t\t\t\t\t\t\t\t\t\t\t\t\t\t<input size=\"1\" type=\"text\" name=\"form_fields[field_cac0fc6]\" id=\"form-field-field_cac0fc6\" class=\"elementor-field elementor-size-md  elementor-field-textual\" placeholder=\"Veuillez saisir votre num\u00e9ro de t\u00e9l\u00e9phone.\">\n\t\t\t\t\t\t\t\t\t\t\t<\/div>\n\t\t\t\t\t\t\t\t<div class=\"elementor-field-type-date elementor-field-group elementor-column elementor-field-group-field_44a916e elementor-col-50 elementor-field-required elementor-mark-required\">\n\t\t\t\t\t\t\t\t\t\t\t\t<label for=\"form-field-field_44a916e\" class=\"elementor-field-label\">\n\t\t\t\t\t\t\t\tDate\t\t\t\t\t\t\t<\/label>\n\t\t\t\t\t\t\n\t\t<input type=\"date\" name=\"form_fields[field_44a916e]\" id=\"form-field-field_44a916e\" class=\"elementor-field elementor-size-md  elementor-field-textual elementor-date-field\" placeholder=\"Veuillez saisir la date de la f\u00eate.\" required=\"required\" pattern=\"[0-9]{4}-[0-9]{2}-[0-9]{2}\">\n\t\t\t\t\t\t<\/div>\n\t\t\t\t\t\t\t\t<div class=\"elementor-field-type-number elementor-field-group elementor-column elementor-field-group-field_41a5d39 elementor-col-50 elementor-field-required elementor-mark-required\">\n\t\t\t\t\t\t\t\t\t\t\t\t<label for=\"form-field-field_41a5d39\" class=\"elementor-field-label\">\n\t\t\t\t\t\t\t\tNombre de personnes\t\t\t\t\t\t\t<\/label>\n\t\t\t\t\t\t\t\t\t<input type=\"number\" name=\"form_fields[field_41a5d39]\" id=\"form-field-field_41a5d39\" class=\"elementor-field elementor-size-md  elementor-field-textual\" placeholder=\"Combien de personnes souhaitent venir ? (jusqu&#039;\u00e0 environ 50 personnes)\" required=\"required\" min=\"0\" max=\"60\" >\n\t\t\t\t\t\t<\/div>\n\t\t\t\t\t\t\t\t<div class=\"elementor-field-type-textarea elementor-field-group elementor-column elementor-field-group-message elementor-col-100\">\n\t\t\t\t\t\t\t\t\t\t\t\t<label for=\"form-field-message\" class=\"elementor-field-label\">\n\t\t\t\t\t\t\t\tInformations compl\u00e9mentaires\t\t\t\t\t\t\t<\/label>\n\t\t\t\t\t\t<textarea class=\"elementor-field-textual elementor-field  elementor-size-md\" name=\"form_fields[message]\" id=\"form-field-message\" rows=\"4\" placeholder=\"Avez-vous des exigences ou des questions sp\u00e9cifiques ?\"><\/textarea>\t\t\t\t<\/div>\n\t\t\t\t\t\t\t\t<div class=\"elementor-field-type-text\">\n\t\t\t\t\t<input size=\"1\" type=\"text\" name=\"form_fields[field_f9e5f61]\" id=\"form-field-field_f9e5f61\" class=\"elementor-field elementor-size-md \" style=\"display:none !important;\">\t\t\t\t<\/div>\n\t\t\t\t\t\t\t\t<div class=\"elementor-field-type-recaptcha_v3 elementor-field-group elementor-column elementor-field-group-field_a537c98 elementor-col-100 recaptcha_v3-bottomright\">\n\t\t\t\t\t<div class=\"elementor-field\" id=\"form-field-field_a537c98\"><div class=\"elementor-g-recaptcha\" data-sitekey=\"6Lc9bOQjAAAAAM2WD6DhM8IIEhSDwLqgWEN3xGCr\" data-type=\"v3\" data-action=\"Form\" data-badge=\"bottomright\" data-size=\"invisible\"><\/div><\/div>\t\t\t\t<\/div>\n\t\t\t\t\t\t\t\t<div class=\"elementor-field-group elementor-column elementor-field-type-submit elementor-col-100 e-form__buttons\">\n\t\t\t\t\t<button class=\"elementor-button elementor-size-md\" type=\"submit\">\n\t\t\t\t\t\t<span class=\"elementor-button-content-wrapper\">\n\t\t\t\t\t\t\t\t\t\t\t\t\t\t\t\t\t\t\t\t\t\t<span class=\"elementor-button-text\">Envoyer<\/span>\n\t\t\t\t\t\t\t\t\t\t\t\t\t<\/span>\n\t\t\t\t\t<\/button>\n\t\t\t\t<\/div>\n\t\t\t<\/div>\n\t\t<\/form>\n\t\t\t\t\t\t<\/div>\n\t\t\t\t<\/div>\n\t\t\t\t\t<\/div>\n\t\t<\/div>\n\t\t\t\t\t<\/div>\n\t\t<\/section>\n\t\t\t\t<section class=\"elementor-section elementor-top-section elementor-element elementor-element-16c475f elementor-section-height-min-height elementor-section-boxed elementor-section-height-default elementor-section-items-middle\" data-id=\"16c475f\" data-element_type=\"section\" data-e-type=\"section\" data-settings=\"{&quot;background_background&quot;:&quot;classic&quot;}\">\n\t\t\t\t\t\t\t<div class=\"elementor-background-overlay\"><\/div>\n\t\t\t\t\t\t\t<div class=\"elementor-container elementor-column-gap-default\">\n\t\t\t\t\t<div class=\"elementor-column elementor-col-100 elementor-top-column elementor-element elementor-element-6b28993\" data-id=\"6b28993\" data-element_type=\"column\" data-e-type=\"column\">\n\t\t\t<div class=\"elementor-widget-wrap elementor-element-populated\">\n\t\t\t\t\t\t<div class=\"elementor-element elementor-element-3b2d0e8 elementor-widget elementor-widget-heading\" data-id=\"3b2d0e8\" data-element_type=\"widget\" data-e-type=\"widget\" data-widget_type=\"heading.default\">\n\t\t\t\t<div class=\"elementor-widget-container\">\n\t\t\t\t\t<h2 class=\"elementor-heading-title elementor-size-default\">Pas de f\u00eate sans style ! Des questions ?<\/h2>\t\t\t\t<\/div>\n\t\t\t\t<\/div>\n\t\t\t\t<div class=\"elementor-element elementor-element-da66291 elementor-align-center elementor-widget elementor-widget-button\" data-id=\"da66291\" data-element_type=\"widget\" data-e-type=\"widget\" data-widget_type=\"button.default\">\n\t\t\t\t<div class=\"elementor-widget-container\">\n\t\t\t\t\t\t\t\t\t<div class=\"elementor-button-wrapper\">\n\t\t\t\t\t<a class=\"elementor-button elementor-button-link elementor-size-md\" href=\"https:\/\/brasseriederietgors.be\/fr\/contact\/\">\n\t\t\t\t\t\t<span class=\"elementor-button-content-wrapper\">\n\t\t\t\t\t\t\t\t\t<span class=\"elementor-button-text\">Contactez-nous<\/span>\n\t\t\t\t\t<\/span>\n\t\t\t\t\t<\/a>\n\t\t\t\t<\/div>\n\t\t\t\t\t\t\t\t<\/div>\n\t\t\t\t<\/div>\n\t\t\t\t\t<\/div>\n\t\t<\/div>\n\t\t\t\t\t<\/div>\n\t\t<\/section>\n\t\t\t\t<\/div>\n\t\t","protected":false},"excerpt":{"rendered":"<p>Nous transformons notre brasserie en salle de banquet avec un am\u00e9nagement de la salle \u00e0 votre convenance. Pas de f\u00eate sans style ! Des questions ? Contactez-nous<\/p>\n","protected":false},"author":1,"featured_media":0,"parent":0,"menu_order":0,"comment_status":"closed","ping_status":"closed","template":"","meta":{"footnotes":""},"class_list":["post-475","page","type-page","status-publish","hentry"],"yoast_head":"<!-- This site is optimized with the Yoast SEO plugin v27.0 - https:\/\/yoast.com\/product\/yoast-seo-wordpress\/ -->\n<title>Brasserie De Rietgors \u00e0 Attenhoven: Salle des f\u00eates<\/title>\n<meta name=\"description\" content=\"Nous transformons notre brasserie en salle de banquet avec un am\u00e9nagement de la salle \u00e0 votre convenance. Vous avez des questions sur l&#039;organisation d&#039;une f\u00eate avec nous ?\" \/>\n<meta name=\"robots\" content=\"index, follow, max-snippet:-1, max-image-preview:large, max-video-preview:-1\" \/>\n<link rel=\"canonical\" href=\"https:\/\/brasseriederietgors.be\/fr\/salle-des-fetes\/\" \/>\n<meta property=\"og:locale\" content=\"fr_FR\" \/>\n<meta property=\"og:type\" content=\"article\" \/>\n<meta property=\"og:title\" content=\"Brasserie De Rietgors \u00e0 Attenhoven: Salle des f\u00eates\" \/>\n<meta property=\"og:description\" content=\"Nous transformons notre brasserie en salle de banquet avec un am\u00e9nagement de la salle \u00e0 votre convenance. Vous avez des questions sur l&#039;organisation d&#039;une f\u00eate avec nous ?\" \/>\n<meta property=\"og:url\" content=\"https:\/\/brasseriederietgors.be\/fr\/salle-des-fetes\/\" \/>\n<meta property=\"og:site_name\" content=\"De Rietgors\" \/>\n<meta property=\"article:publisher\" content=\"https:\/\/www.facebook.com\/profile.php?id=100083322291597\" \/>\n<meta property=\"article:modified_time\" content=\"2024-04-23T04:49:17+00:00\" \/>\n<meta name=\"twitter:card\" content=\"summary_large_image\" \/>\n<script type=\"application\/ld+json\" class=\"yoast-schema-graph\">{\"@context\":\"https:\/\/schema.org\",\"@graph\":[{\"@type\":\"WebPage\",\"@id\":\"https:\/\/brasseriederietgors.be\/fr\/salle-des-fetes\/\",\"url\":\"https:\/\/brasseriederietgors.be\/fr\/salle-des-fetes\/\",\"name\":\"Brasserie De Rietgors \u00e0 Attenhoven: Salle des f\u00eates\",\"isPartOf\":{\"@id\":\"https:\/\/brasseriederietgors.be\/fr\/#website\"},\"datePublished\":\"2022-12-23T06:21:54+00:00\",\"dateModified\":\"2024-04-23T04:49:17+00:00\",\"description\":\"Nous transformons notre brasserie en salle de banquet avec un am\u00e9nagement de la salle \u00e0 votre convenance. Vous avez des questions sur l'organisation d'une f\u00eate avec nous ?\",\"breadcrumb\":{\"@id\":\"https:\/\/brasseriederietgors.be\/fr\/salle-des-fetes\/#breadcrumb\"},\"inLanguage\":\"fr-BE\",\"potentialAction\":[{\"@type\":\"ReadAction\",\"target\":[\"https:\/\/brasseriederietgors.be\/fr\/salle-des-fetes\/\"]}]},{\"@type\":\"BreadcrumbList\",\"@id\":\"https:\/\/brasseriederietgors.be\/fr\/salle-des-fetes\/#breadcrumb\",\"itemListElement\":[{\"@type\":\"ListItem\",\"position\":1,\"name\":\"Home\",\"item\":\"https:\/\/brasseriederietgors.be\/fr\/\"},{\"@type\":\"ListItem\",\"position\":2,\"name\":\"Salle des f\u00eates\"}]},{\"@type\":\"WebSite\",\"@id\":\"https:\/\/brasseriederietgors.be\/fr\/#website\",\"url\":\"https:\/\/brasseriederietgors.be\/fr\/\",\"name\":\"Brasserie De Rietgors\",\"description\":\"Brasserie te Attenhoven\",\"publisher\":{\"@id\":\"https:\/\/brasseriederietgors.be\/fr\/#organization\"},\"potentialAction\":[{\"@type\":\"SearchAction\",\"target\":{\"@type\":\"EntryPoint\",\"urlTemplate\":\"https:\/\/brasseriederietgors.be\/fr\/?s={search_term_string}\"},\"query-input\":{\"@type\":\"PropertyValueSpecification\",\"valueRequired\":true,\"valueName\":\"search_term_string\"}}],\"inLanguage\":\"fr-BE\"},{\"@type\":\"Organization\",\"@id\":\"https:\/\/brasseriederietgors.be\/fr\/#organization\",\"name\":\"Brasserie De Rietgors\",\"url\":\"https:\/\/brasseriederietgors.be\/fr\/\",\"logo\":{\"@type\":\"ImageObject\",\"inLanguage\":\"fr-BE\",\"@id\":\"https:\/\/brasseriederietgors.be\/fr\/#\/schema\/logo\/image\/\",\"url\":\"https:\/\/brasseriederietgors.be\/wp-content\/uploads\/2022\/12\/logo.png\",\"contentUrl\":\"https:\/\/brasseriederietgors.be\/wp-content\/uploads\/2022\/12\/logo.png\",\"width\":900,\"height\":900,\"caption\":\"Brasserie De Rietgors\"},\"image\":{\"@id\":\"https:\/\/brasseriederietgors.be\/fr\/#\/schema\/logo\/image\/\"},\"sameAs\":[\"https:\/\/www.facebook.com\/profile.php?id=100083322291597\",\"https:\/\/www.instagram.com\/brasserie_de_rietgors_\/\"]}]}<\/script>\n<!-- \/ Yoast SEO plugin. -->","yoast_head_json":{"title":"Brasserie De Rietgors \u00e0 Attenhoven: Salle des f\u00eates","description":"Nous transformons notre brasserie en salle de banquet avec un am\u00e9nagement de la salle \u00e0 votre convenance. Vous avez des questions sur l'organisation d'une f\u00eate avec nous ?","robots":{"index":"index","follow":"follow","max-snippet":"max-snippet:-1","max-image-preview":"max-image-preview:large","max-video-preview":"max-video-preview:-1"},"canonical":"https:\/\/brasseriederietgors.be\/fr\/salle-des-fetes\/","og_locale":"fr_FR","og_type":"article","og_title":"Brasserie De Rietgors \u00e0 Attenhoven: Salle des f\u00eates","og_description":"Nous transformons notre brasserie en salle de banquet avec un am\u00e9nagement de la salle \u00e0 votre convenance. Vous avez des questions sur l'organisation d'une f\u00eate avec nous ?","og_url":"https:\/\/brasseriederietgors.be\/fr\/salle-des-fetes\/","og_site_name":"De Rietgors","article_publisher":"https:\/\/www.facebook.com\/profile.php?id=100083322291597","article_modified_time":"2024-04-23T04:49:17+00:00","twitter_card":"summary_large_image","schema":{"@context":"https:\/\/schema.org","@graph":[{"@type":"WebPage","@id":"https:\/\/brasseriederietgors.be\/fr\/salle-des-fetes\/","url":"https:\/\/brasseriederietgors.be\/fr\/salle-des-fetes\/","name":"Brasserie De Rietgors \u00e0 Attenhoven: Salle des f\u00eates","isPartOf":{"@id":"https:\/\/brasseriederietgors.be\/fr\/#website"},"datePublished":"2022-12-23T06:21:54+00:00","dateModified":"2024-04-23T04:49:17+00:00","description":"Nous transformons notre brasserie en salle de banquet avec un am\u00e9nagement de la salle \u00e0 votre convenance. Vous avez des questions sur l'organisation d'une f\u00eate avec nous ?","breadcrumb":{"@id":"https:\/\/brasseriederietgors.be\/fr\/salle-des-fetes\/#breadcrumb"},"inLanguage":"fr-BE","potentialAction":[{"@type":"ReadAction","target":["https:\/\/brasseriederietgors.be\/fr\/salle-des-fetes\/"]}]},{"@type":"BreadcrumbList","@id":"https:\/\/brasseriederietgors.be\/fr\/salle-des-fetes\/#breadcrumb","itemListElement":[{"@type":"ListItem","position":1,"name":"Home","item":"https:\/\/brasseriederietgors.be\/fr\/"},{"@type":"ListItem","position":2,"name":"Salle des f\u00eates"}]},{"@type":"WebSite","@id":"https:\/\/brasseriederietgors.be\/fr\/#website","url":"https:\/\/brasseriederietgors.be\/fr\/","name":"Brasserie De Rietgors","description":"Brasserie te Attenhoven","publisher":{"@id":"https:\/\/brasseriederietgors.be\/fr\/#organization"},"potentialAction":[{"@type":"SearchAction","target":{"@type":"EntryPoint","urlTemplate":"https:\/\/brasseriederietgors.be\/fr\/?s={search_term_string}"},"query-input":{"@type":"PropertyValueSpecification","valueRequired":true,"valueName":"search_term_string"}}],"inLanguage":"fr-BE"},{"@type":"Organization","@id":"https:\/\/brasseriederietgors.be\/fr\/#organization","name":"Brasserie De Rietgors","url":"https:\/\/brasseriederietgors.be\/fr\/","logo":{"@type":"ImageObject","inLanguage":"fr-BE","@id":"https:\/\/brasseriederietgors.be\/fr\/#\/schema\/logo\/image\/","url":"https:\/\/brasseriederietgors.be\/wp-content\/uploads\/2022\/12\/logo.png","contentUrl":"https:\/\/brasseriederietgors.be\/wp-content\/uploads\/2022\/12\/logo.png","width":900,"height":900,"caption":"Brasserie De Rietgors"},"image":{"@id":"https:\/\/brasseriederietgors.be\/fr\/#\/schema\/logo\/image\/"},"sameAs":["https:\/\/www.facebook.com\/profile.php?id=100083322291597","https:\/\/www.instagram.com\/brasserie_de_rietgors_\/"]}]}},"_links":{"self":[{"href":"https:\/\/brasseriederietgors.be\/fr\/wp-json\/wp\/v2\/pages\/475","targetHints":{"allow":["GET"]}}],"collection":[{"href":"https:\/\/brasseriederietgors.be\/fr\/wp-json\/wp\/v2\/pages"}],"about":[{"href":"https:\/\/brasseriederietgors.be\/fr\/wp-json\/wp\/v2\/types\/page"}],"author":[{"embeddable":true,"href":"https:\/\/brasseriederietgors.be\/fr\/wp-json\/wp\/v2\/users\/1"}],"replies":[{"embeddable":true,"href":"https:\/\/brasseriederietgors.be\/fr\/wp-json\/wp\/v2\/comments?post=475"}],"version-history":[{"count":5,"href":"https:\/\/brasseriederietgors.be\/fr\/wp-json\/wp\/v2\/pages\/475\/revisions"}],"predecessor-version":[{"id":663,"href":"https:\/\/brasseriederietgors.be\/fr\/wp-json\/wp\/v2\/pages\/475\/revisions\/663"}],"wp:attachment":[{"href":"https:\/\/brasseriederietgors.be\/fr\/wp-json\/wp\/v2\/media?parent=475"}],"curies":[{"name":"wp","href":"https:\/\/api.w.org\/{rel}","templated":true}]}}